{"id":5998,"date":"2015-12-26T16:01:23","date_gmt":"2015-12-26T16:01:23","guid":{"rendered":"http:\/\/www.pudenitroz.se\/blogg\/?page_id=5998"},"modified":"2018-11-27T22:02:07","modified_gmt":"2018-11-27T21:02:07","slug":"tillverkningsdag","status":"publish","type":"page","link":"https:\/\/www.pudenitroz.se\/blogg\/?page_id=5998","title":{"rendered":"Hitta tillverkningsdatum"},"content":{"rendered":"<p>H\u00e4r kommer jag att fylla p\u00e5 med hur ni kan \u00e5ldersbest\u00e4mma olika komponenter och med detta f\u00e5 en b\u00e4ttre bild om komponenten \u00e4r original eller utbytt p\u00e5 din koja.<\/p>\n<p>Rutornas datumm\u00e4rkning, v\u00e4lj n\u00e5gon av tillverkarna nedan<br \/>\n<a href=\"http:\/\/www.pudenitroz.se\/blogg\/?p=5913\" target=\"_blank\" rel=\"noopener\">Triplex<\/a><br \/>\n<a href=\"http:\/\/www.pudenitroz.se\/blogg\/?p=5959\" target=\"_blank\" rel=\"noopener\">Indestructo<\/a><\/p>\n<p><a href=\"http:\/\/www.pudenitroz.se\/blogg\/?p=6012\" target=\"_blank\" rel=\"noopener\">Startmotorns datumm\u00e4rkning<\/a><br \/>\n<a href=\"http:\/\/www.pudenitroz.se\/blogg\/?p=6003\" target=\"_blank\" rel=\"noopener\">Generatorns datumm\u00e4rkning<\/a><br \/>\n<a href=\"http:\/\/www.pudenitroz.se\/blogg\/?p=6018\" target=\"_blank\" rel=\"noopener\">T\u00e4ndspolens datumm\u00e4rkning<\/a><br \/>\n<a href=\"http:\/\/www.pudenitroz.se\/blogg\/?p=6028\" target=\"_blank\" rel=\"noopener\">Str\u00f6mf\u00f6rdelarens datumm\u00e4rkning<\/a><br \/>\n<a href=\"http:\/\/www.pudenitroz.se\/blogg\/?p=6048\" target=\"_blank\" rel=\"noopener\">Startrel\u00e4s datumm\u00e4rkning<\/a><br \/>\n<a href=\"http:\/\/www.pudenitroz.se\/blogg\/?p=6071\" target=\"_blank\" rel=\"noopener\">Torkarmotorns datumm\u00e4rkning<\/a><br \/>\n<a href=\"http:\/\/www.pudenitroz.se\/blogg\/?p=6054\" target=\"_blank\" rel=\"noopener\">Laddningsregulatorns datumm\u00e4rkning<\/a><br \/>\n<a href=\"http:\/\/www.pudenitroz.se\/blogg\/?p=6095\" target=\"_blank\" rel=\"noopener\">T\u00e4ndningsl\u00e5sets datumm\u00e4rkning<\/a><br \/>\n<a href=\"http:\/\/www.pudenitroz.se\/blogg\/?p=6065\" target=\"_blank\" rel=\"noopener\">Blinkersrel\u00e4s datumm\u00e4rkning<\/a><br \/>\n<a href=\"http:\/\/www.pudenitroz.se\/blogg\/?p=6101\" target=\"_blank\" rel=\"noopener\">Signalhornets datumm\u00e4rkning<\/a><br \/>\n<a href=\"https:\/\/wp.me\/p30Qc6-1OF\" target=\"_blank\" rel=\"noopener\">Bakluckel\u00e5sets datumm\u00e4rkning<\/a><br \/>\nBromstrummornas datumm\u00e4rkning<\/p>\n<p>Vilken motor h\u00f6r till vilken bil?<\/p>\n","protected":false},"excerpt":{"rendered":"<p>H\u00e4r kommer jag att fylla p\u00e5 med hur ni kan \u00e5ldersbest\u00e4mma olika komponenter och med detta f\u00e5 en b\u00e4ttre bild om komponenten \u00e4r original eller utbytt p\u00e5 din koja. Rutornas datumm\u00e4rkning, v\u00e4lj n\u00e5gon av tillverkarna nedan Triplex Indestructo Startmotorns datumm\u00e4rkning &hellip; <a href=\"https:\/\/www.pudenitroz.se\/blogg\/?page_id=5998\">Forts\u00e4tt l\u00e4sa <span class=\"meta-nav\">&rarr;<\/span><\/a><\/p>\n","protected":false},"author":2,"featured_media":0,"parent":0,"menu_order":0,"comment_status":"closed","ping_status":"closed","template":"","meta":{"jetpack_post_was_ever_published":false,"footnotes":""},"class_list":["post-5998","page","type-page","status-publish","hentry"],"jetpack_shortlink":"https:\/\/wp.me\/P30Qc6-1yK","jetpack_sharing_enabled":true,"_links":{"self":[{"href":"https:\/\/www.pudenitroz.se\/blogg\/index.php?rest_route=\/wp\/v2\/pages\/5998","targetHints":{"allow":["GET"]}}],"collection":[{"href":"https:\/\/www.pudenitroz.se\/blogg\/index.php?rest_route=\/wp\/v2\/pages"}],"about":[{"href":"https:\/\/www.pudenitroz.se\/blogg\/index.php?rest_route=\/wp\/v2\/types\/page"}],"author":[{"embeddable":true,"href":"https:\/\/www.pudenitroz.se\/blogg\/index.php?rest_route=\/wp\/v2\/users\/2"}],"replies":[{"embeddable":true,"href":"https:\/\/www.pudenitroz.se\/blogg\/index.php?rest_route=%2Fwp%2Fv2%2Fcomments&post=5998"}],"version-history":[{"count":16,"href":"https:\/\/www.pudenitroz.se\/blogg\/index.php?rest_route=\/wp\/v2\/pages\/5998\/revisions"}],"predecessor-version":[{"id":6988,"href":"https:\/\/www.pudenitroz.se\/blogg\/index.php?rest_route=\/wp\/v2\/pages\/5998\/revisions\/6988"}],"wp:attachment":[{"href":"https:\/\/www.pudenitroz.se\/blogg\/index.php?rest_route=%2Fwp%2Fv2%2Fmedia&parent=5998"}],"curies":[{"name":"wp","href":"https:\/\/api.w.org\/{rel}","templated":true}]}}