{"id":3047,"date":"2013-08-19T21:42:22","date_gmt":"2013-08-19T19:42:22","guid":{"rendered":"http:\/\/www.pudenitroz.se\/blogg\/?page_id=3047"},"modified":"2020-09-21T15:24:32","modified_gmt":"2020-09-21T13:24:32","slug":"produktionstal","status":"publish","type":"page","link":"https:\/\/www.pudenitroz.se\/blogg\/?page_id=3047","title":{"rendered":"Produktionstal Moke och Mini"},"content":{"rendered":"<p>S\u00e5 h\u00e4r ser produktionstalen ut \u00e5r f\u00f6r \u00e5r f\u00f6r hundkojan.<\/p>\n<p><b>1959<\/b> 19749\u00a0\u00a0\u00a0\u00a0\u00a0 \u00a0\u00a0\u00a0\u00a0\u00a0\u00a0\u00a0\u00a0\u00a0\u00a0\u00a0\u00a0\u00a0\u00a0\u00a0\u00a0\u00a0\u00a0\u00a0\u00a0 <b>1973<\/b> 295186\u00a0 \u00a0\u00a0 \u00a0\u00a0\u00a0\u00a0\u00a0\u00a0\u00a0\u00a0\u00a0\u00a0\u00a0\u00a0\u00a0\u00a0\u00a0\u00a0\u00a0\u00a0\u00a0 <b>1987<\/b> 37210<br \/>\n<b>1960<\/b> 116677\u00a0\u00a0\u00a0 \u00a0\u00a0\u00a0\u00a0\u00a0\u00a0\u00a0\u00a0\u00a0\u00a0\u00a0\u00a0\u00a0\u00a0\u00a0\u00a0\u00a0\u00a0\u00a0\u00a0 <b>1974<\/b> 255336\u00a0\u00a0\u00a0\u00a0 \u00a0\u00a0\u00a0\u00a0\u00a0\u00a0\u00a0\u00a0\u00a0\u00a0\u00a0\u00a0\u00a0\u00a0\u00a0\u00a0\u00a0\u00a0\u00a0 <b>1988<\/b> 36574<br \/>\n<b>1961<\/b> 157059\u00a0\u00a0\u00a0 \u00a0\u00a0\u00a0\u00a0\u00a0\u00a0\u00a0\u00a0\u00a0\u00a0\u00a0\u00a0\u00a0\u00a0\u00a0\u00a0\u00a0\u00a0\u00a0\u00a0 <b>1975<\/b> 200293\u00a0\u00a0\u00a0\u00a0 \u00a0\u00a0\u00a0\u00a0\u00a0\u00a0\u00a0\u00a0\u00a0\u00a0\u00a0\u00a0\u00a0\u00a0\u00a0\u00a0\u00a0\u00a0\u00a0 <b>1989<\/b> 40998<br \/>\n<b>1962<\/b> 216087\u00a0\u00a0 \u00a0\u00a0\u00a0\u00a0\u00a0\u00a0\u00a0\u00a0\u00a0\u00a0\u00a0\u00a0\u00a0\u00a0\u00a0\u00a0\u00a0\u00a0\u00a0\u00a0\u00a0 <b>1976<\/b> 203575\u00a0\u00a0\u00a0 \u00a0\u00a0\u00a0\u00a0\u00a0\u00a0\u00a0\u00a0\u00a0\u00a0\u00a0\u00a0\u00a0\u00a0\u00a0\u00a0\u00a0\u00a0\u00a0\u00a0 <b>1990<\/b> 46045<br \/>\n<b>1963<\/b> 236713\u00a0\u00a0\u00a0 \u00a0\u00a0\u00a0\u00a0\u00a0\u00a0\u00a0\u00a0\u00a0\u00a0\u00a0\u00a0\u00a0\u00a0\u00a0\u00a0\u00a0\u00a0\u00a0\u00a0 <b>1977<\/b> 214134\u00a0\u00a0\u00a0\u00a0 \u00a0\u00a0\u00a0\u00a0\u00a0\u00a0\u00a0\u00a0\u00a0\u00a0\u00a0\u00a0\u00a0\u00a0\u00a0\u00a0\u00a0\u00a0\u00a0 <b>1991<\/b> 35007<br \/>\n<b>1964<\/b> 244359\u00a0\u00a0\u00a0 \u00a0\u00a0\u00a0\u00a0\u00a0\u00a0\u00a0\u00a0\u00a0\u00a0\u00a0\u00a0\u00a0\u00a0\u00a0\u00a0\u00a0\u00a0\u00a0\u00a0 <b>1978<\/b> 196799\u00a0\u00a0\u00a0\u00a0 \u00a0\u00a0\u00a0\u00a0\u00a0\u00a0\u00a0\u00a0\u00a0\u00a0\u00a0\u00a0\u00a0\u00a0\u00a0\u00a0\u00a0\u00a0\u00a0 <b>1992<\/b> 26197<br \/>\n<b>1965<\/b> 221974\u00a0\u00a0\u00a0 \u00a0\u00a0\u00a0\u00a0\u00a0\u00a0\u00a0\u00a0\u00a0\u00a0\u00a0\u00a0\u00a0\u00a0\u00a0\u00a0\u00a0\u00a0\u00a0\u00a0 <b>1979<\/b> 165502\u00a0\u00a0\u00a0 \u00a0\u00a0\u00a0\u00a0\u00a0\u00a0\u00a0\u00a0\u00a0\u00a0\u00a0\u00a0\u00a0\u00a0\u00a0\u00a0\u00a0\u00a0\u00a0\u00a0 <b>1993<\/b> 20468<br \/>\n<b>1966<\/b> 213694\u00a0\u00a0\u00a0 \u00a0\u00a0\u00a0\u00a0\u00a0\u00a0\u00a0\u00a0\u00a0\u00a0\u00a0\u00a0\u00a0\u00a0\u00a0\u00a0\u00a0\u00a0\u00a0\u00a0 <b>1980<\/b> 150067\u00a0\u00a0\u00a0\u00a0 \u00a0\u00a0\u00a0\u00a0\u00a0\u00a0\u00a0\u00a0\u00a0\u00a0\u00a0\u00a0\u00a0\u00a0\u00a0\u00a0\u00a0\u00a0\u00a0 <b>1994<\/b> 20417<br \/>\n<b>1967<\/b> 237227\u00a0\u00a0 \u00a0\u00a0\u00a0\u00a0\u00a0\u00a0\u00a0\u00a0\u00a0\u00a0\u00a0\u00a0\u00a0\u00a0\u00a0\u00a0\u00a0\u00a0\u00a0\u00a0\u00a0 <b>1981<\/b> 69986\u00a0\u00a0\u00a0\u00a0\u00a0\u00a0\u00a0\u00a0\u00a0\u00a0\u00a0\u00a0\u00a0\u00a0\u00a0\u00a0\u00a0\u00a0\u00a0\u00a0\u00a0\u00a0\u00a0\u00a0\u00a0\u00a0 <b>1995<\/b> 20378<br \/>\n<b>1968<\/b> 246066\u00a0\u00a0 \u00a0\u00a0\u00a0\u00a0\u00a0\u00a0\u00a0\u00a0\u00a0\u00a0\u00a0\u00a0\u00a0\u00a0\u00a0\u00a0\u00a0\u00a0\u00a0\u00a0\u00a0 <b>1982<\/b> 56297\u00a0\u00a0\u00a0\u00a0\u00a0 \u00a0\u00a0\u00a0\u00a0\u00a0\u00a0\u00a0\u00a0\u00a0\u00a0\u00a0\u00a0\u00a0\u00a0\u00a0\u00a0\u00a0\u00a0\u00a0\u00a0 <b>1996<\/b> 15638<br \/>\n<b>1969<\/b> 254957\u00a0\u00a0\u00a0 \u00a0\u00a0\u00a0\u00a0\u00a0\u00a0\u00a0\u00a0\u00a0\u00a0\u00a0\u00a0\u00a0\u00a0\u00a0\u00a0\u00a0\u00a0\u00a0\u00a0 <b>1983<\/b> 49956\u00a0\u00a0\u00a0\u00a0\u00a0 \u00a0\u00a0\u00a0\u00a0\u00a0\u00a0\u00a0\u00a0\u00a0\u00a0\u00a0\u00a0\u00a0\u00a0\u00a0\u00a0\u00a0\u00a0\u00a0\u00a0 <b>1997<\/b> 16928<br \/>\n<b>1970<\/b> 278950\u00a0\u00a0\u00a0 \u00a0\u00a0\u00a0\u00a0\u00a0\u00a0\u00a0\u00a0\u00a0\u00a0\u00a0\u00a0\u00a0\u00a0\u00a0\u00a0\u00a0\u00a0\u00a0\u00a0 <b>1984<\/b> 35038\u00a0\u00a0\u00a0\u00a0\u00a0 \u00a0\u00a0\u00a0\u00a0\u00a0\u00a0\u00a0\u00a0\u00a0\u00a0\u00a0\u00a0\u00a0\u00a0\u00a0\u00a0\u00a0\u00a0\u00a0\u00a0 <b>1998<\/b> 14311<br \/>\n<b>1971<\/b> 318475\u00a0\u00a0 \u00a0\u00a0\u00a0\u00a0\u00a0\u00a0\u00a0\u00a0\u00a0\u00a0\u00a0\u00a0\u00a0\u00a0\u00a0\u00a0\u00a0\u00a0\u00a0\u00a0\u00a0 <b>1985<\/b> 34974\u00a0\u00a0\u00a0\u00a0\u00a0 \u00a0\u00a0\u00a0\u00a0\u00a0\u00a0\u00a0\u00a0\u00a0\u00a0\u00a0\u00a0\u00a0\u00a0\u00a0\u00a0\u00a0\u00a0\u00a0\u00a0 <b>1999<\/b> 11738<br \/>\n<b>1972<\/b> 306937\u00a0\u00a0\u00a0 \u00a0\u00a0\u00a0\u00a0\u00a0\u00a0\u00a0\u00a0\u00a0\u00a0\u00a0\u00a0\u00a0\u00a0\u00a0\u00a0\u00a0\u00a0\u00a0\u00a0 <b>1986<\/b> 33720\u00a0\u00a0\u00a0\u00a0\u00a0 \u00a0\u00a0\u00a0\u00a0\u00a0\u00a0\u00a0\u00a0\u00a0\u00a0\u00a0\u00a0\u00a0\u00a0\u00a0\u00a0\u00a0\u00a0\u00a0\u00a0 <b>2000<\/b> 7070<\/p>\n<p>Total produktion av kojan World Wide: 5.378.776 fordon under 42 \u00e5r<br \/>\nAv dessa 5.378.776 fordon s\u00e5 var 0,93% eller 49937 Mini Moke<\/p>\n<p>Om vi bryter ut produktionssiffrorna f\u00f6r Mini Moke s\u00e5 ser de ut s\u00e5h\u00e4r<\/p>\n<p><b>Mini Moke<\/b><\/p>\n<p>Austin Mini Moke 5422 fordon<br \/>\nMorris Mini Moke 9096 fordon<br \/>\nTotal produktion av Mini Moke i England* 14518 fordon<br \/>\n*H\u00e4r inkluderas \u00e4ven de CKD (<i>Completely Knocked-Down kits) <\/i>som skickats ut i v\u00e4rlden t.ex. Rhodesia.<\/p>\n<p>Australien produktion* av Mini Moke 26142 fordon<br \/>\n*H\u00e4r inkluderar \u00e4ven de 286 CKD (Completely Knocked-Down kits) som skickats till Portugal<\/p>\n<p>Portugal produktion\u00a0 9800 fordon (plus de 286 CKD kitt fr\u00e5n Australien som monterats)<br \/>\nBLMC\/Rover 8135 fordon<br \/>\nCagiva 1951 fordon<\/p>\n<p>Serieproduktionen av Mini Moke startade redan i slutet av 1963 n\u00e4rmare best\u00e4mt den 12 December 1963 vilket inte m\u00e5nga k\u00e4nner till, det skrivs ofta lite slarvig att produktionen startade 1964 d\u00e5 f\u00f6rsta bilen rent fysiskt l\u00e4mnade bandet.<\/p>\n<p>Den sista Moken producerades i Juli 1992 Portugal och hade chassinummer 290725 sen avslutades produktionen helt och \u00e5terupptogs aldrig.<\/p>\n<p>Det var fr\u00e5n b\u00f6rjan t\u00e4nkt att produktionen skulle \u00e5terupptas i Italien men s\u00e5 blev det aldrig, men man monterade samman ett antal bilar \u00e4ven 1993 i Italien men detta var av \u00f6verblivna delar och ingen serieproduktion, total produktion av Mini Moke World Wide blev 49937 fordon under 29 \u00e5r\u00a0<b> <\/b><\/p>\n","protected":false},"excerpt":{"rendered":"<p>S\u00e5 h\u00e4r ser produktionstalen ut \u00e5r f\u00f6r \u00e5r f\u00f6r hundkojan. 1959 19749\u00a0\u00a0\u00a0\u00a0\u00a0 \u00a0\u00a0\u00a0\u00a0\u00a0\u00a0\u00a0\u00a0\u00a0\u00a0\u00a0\u00a0\u00a0\u00a0\u00a0\u00a0\u00a0\u00a0\u00a0\u00a0 1973 295186\u00a0 \u00a0\u00a0 \u00a0\u00a0\u00a0\u00a0\u00a0\u00a0\u00a0\u00a0\u00a0\u00a0\u00a0\u00a0\u00a0\u00a0\u00a0\u00a0\u00a0\u00a0\u00a0 1987 37210 1960 116677\u00a0\u00a0\u00a0 \u00a0\u00a0\u00a0\u00a0\u00a0\u00a0\u00a0\u00a0\u00a0\u00a0\u00a0\u00a0\u00a0\u00a0\u00a0\u00a0\u00a0\u00a0\u00a0\u00a0 1974 255336\u00a0\u00a0\u00a0\u00a0 \u00a0\u00a0\u00a0\u00a0\u00a0\u00a0\u00a0\u00a0\u00a0\u00a0\u00a0\u00a0\u00a0\u00a0\u00a0\u00a0\u00a0\u00a0\u00a0 1988 36574 1961 157059\u00a0\u00a0\u00a0 \u00a0\u00a0\u00a0\u00a0\u00a0\u00a0\u00a0\u00a0\u00a0\u00a0\u00a0\u00a0\u00a0\u00a0\u00a0\u00a0\u00a0\u00a0\u00a0\u00a0 1975 200293\u00a0\u00a0\u00a0\u00a0 \u00a0\u00a0\u00a0\u00a0\u00a0\u00a0\u00a0\u00a0\u00a0\u00a0\u00a0\u00a0\u00a0\u00a0\u00a0\u00a0\u00a0\u00a0\u00a0 1989 40998 1962 216087\u00a0\u00a0 \u00a0\u00a0\u00a0\u00a0\u00a0\u00a0\u00a0\u00a0\u00a0\u00a0\u00a0\u00a0\u00a0\u00a0\u00a0\u00a0\u00a0\u00a0\u00a0\u00a0\u00a0 1976 203575\u00a0\u00a0\u00a0 &hellip; <a href=\"https:\/\/www.pudenitroz.se\/blogg\/?page_id=3047\">Forts\u00e4tt l\u00e4sa <span class=\"meta-nav\">&rarr;<\/span><\/a><\/p>\n","protected":false},"author":2,"featured_media":0,"parent":0,"menu_order":0,"comment_status":"open","ping_status":"open","template":"","meta":{"jetpack_post_was_ever_published":false,"footnotes":""},"class_list":["post-3047","page","type-page","status-publish","hentry"],"jetpack_shortlink":"https:\/\/wp.me\/P30Qc6-N9","jetpack_sharing_enabled":true,"_links":{"self":[{"href":"https:\/\/www.pudenitroz.se\/blogg\/index.php?rest_route=\/wp\/v2\/pages\/3047","targetHints":{"allow":["GET"]}}],"collection":[{"href":"https:\/\/www.pudenitroz.se\/blogg\/index.php?rest_route=\/wp\/v2\/pages"}],"about":[{"href":"https:\/\/www.pudenitroz.se\/blogg\/index.php?rest_route=\/wp\/v2\/types\/page"}],"author":[{"embeddable":true,"href":"https:\/\/www.pudenitroz.se\/blogg\/index.php?rest_route=\/wp\/v2\/users\/2"}],"replies":[{"embeddable":true,"href":"https:\/\/www.pudenitroz.se\/blogg\/index.php?rest_route=%2Fwp%2Fv2%2Fcomments&post=3047"}],"version-history":[{"count":11,"href":"https:\/\/www.pudenitroz.se\/blogg\/index.php?rest_route=\/wp\/v2\/pages\/3047\/revisions"}],"predecessor-version":[{"id":7518,"href":"https:\/\/www.pudenitroz.se\/blogg\/index.php?rest_route=\/wp\/v2\/pages\/3047\/revisions\/7518"}],"wp:attachment":[{"href":"https:\/\/www.pudenitroz.se\/blogg\/index.php?rest_route=%2Fwp%2Fv2%2Fmedia&parent=3047"}],"curies":[{"name":"wp","href":"https:\/\/api.w.org\/{rel}","templated":true}]}}