{"id":2,"date":"2010-06-30T18:51:35","date_gmt":"2010-06-30T16:51:35","guid":{"rendered":"http:\/\/www.pudenitroz.se\/blogg\/?page_id=2"},"modified":"2014-08-18T12:58:04","modified_gmt":"2014-08-18T10:58:04","slug":"about","status":"publish","type":"page","link":"https:\/\/www.pudenitroz.se\/blogg\/?page_id=2","title":{"rendered":"Om minimoke.se"},"content":{"rendered":"<p>Jag skippar den djupg\u00e5ende sj\u00e4lvbiografin men intressant kan kanske vara att jag k\u00f6pte min f\u00f6rsta koja 1982 sen har jag faktiskt aldrig varit utan och som mest s\u00e5 hade jag tv\u00e5siffrigt med kojor.<br \/>\nSyftet med denna\u00a0blogg \u00e4r skapad som en nyhetssida\u00a0till <a title=\"minimoke.se\" href=\"http:\/\/www.minimoke.se\" target=\"_blank\">minimoke.se<\/a>\u00a0men framf\u00f6rallt\u00a0f\u00f6r att hj\u00e4lpa till att h\u00e5lla mitt intresse upp\u00a0s\u00e5 bilen \u00e4ntligen kan bli f\u00e4rdigst\u00e4lld.<\/p>\n<p>\/\/Thomas<\/p>\n","protected":false},"excerpt":{"rendered":"<p>Jag skippar den djupg\u00e5ende sj\u00e4lvbiografin men intressant kan kanske vara att jag k\u00f6pte min f\u00f6rsta koja 1982 sen har jag faktiskt aldrig varit utan och som mest s\u00e5 hade jag tv\u00e5siffrigt med kojor. Syftet med denna\u00a0blogg \u00e4r skapad som en &hellip; <a href=\"https:\/\/www.pudenitroz.se\/blogg\/?page_id=2\">Forts\u00e4tt l\u00e4sa <span class=\"meta-nav\">&rarr;<\/span><\/a><\/p>\n","protected":false},"author":1,"featured_media":0,"parent":0,"menu_order":0,"comment_status":"open","ping_status":"open","template":"","meta":{"jetpack_post_was_ever_published":false,"footnotes":""},"class_list":["post-2","page","type-page","status-publish","hentry"],"jetpack_shortlink":"https:\/\/wp.me\/P30Qc6-2","jetpack_sharing_enabled":true,"_links":{"self":[{"href":"https:\/\/www.pudenitroz.se\/blogg\/index.php?rest_route=\/wp\/v2\/pages\/2","targetHints":{"allow":["GET"]}}],"collection":[{"href":"https:\/\/www.pudenitroz.se\/blogg\/index.php?rest_route=\/wp\/v2\/pages"}],"about":[{"href":"https:\/\/www.pudenitroz.se\/blogg\/index.php?rest_route=\/wp\/v2\/types\/page"}],"author":[{"embeddable":true,"href":"https:\/\/www.pudenitroz.se\/blogg\/index.php?rest_route=\/wp\/v2\/users\/1"}],"replies":[{"embeddable":true,"href":"https:\/\/www.pudenitroz.se\/blogg\/index.php?rest_route=%2Fwp%2Fv2%2Fcomments&post=2"}],"version-history":[{"count":7,"href":"https:\/\/www.pudenitroz.se\/blogg\/index.php?rest_route=\/wp\/v2\/pages\/2\/revisions"}],"predecessor-version":[{"id":4289,"href":"https:\/\/www.pudenitroz.se\/blogg\/index.php?rest_route=\/wp\/v2\/pages\/2\/revisions\/4289"}],"wp:attachment":[{"href":"https:\/\/www.pudenitroz.se\/blogg\/index.php?rest_route=%2Fwp%2Fv2%2Fmedia&parent=2"}],"curies":[{"name":"wp","href":"https:\/\/api.w.org\/{rel}","templated":true}]}}